{"id":15,"date":"2024-11-19T20:35:38","date_gmt":"2024-11-19T19:35:38","guid":{"rendered":"https:\/\/rentacasa.cl\/rentac\/?page_id=15"},"modified":"2024-11-20T22:30:30","modified_gmt":"2024-11-20T21:30:30","slug":"quienes-somos","status":"publish","type":"page","link":"https:\/\/rentacasa.cl\/rentac\/quienes-somos\/","title":{"rendered":"Qui\u00e9nes Somos"},"content":{"rendered":"<p><img loading=\"lazy\" decoding=\"async\" class=\"alignnone wp-image-122 size-full\" src=\"https:\/\/rentacasa.cl\/rentac\/wp-content\/uploads\/2024\/11\/quienes-somo.jpg\" alt=\"\" width=\"1000\" height=\"362\" srcset=\"https:\/\/rentacasa.cl\/rentac\/wp-content\/uploads\/2024\/11\/quienes-somo.jpg 1000w, https:\/\/rentacasa.cl\/rentac\/wp-content\/uploads\/2024\/11\/quienes-somo-300x109.jpg 300w, https:\/\/rentacasa.cl\/rentac\/wp-content\/uploads\/2024\/11\/quienes-somo-768x278.jpg 768w\" sizes=\"auto, (max-width: 1000px) 100vw, 1000px\" \/><\/p>\n<p>&nbsp;<\/p>\n<p>En lo relacionado a Propiedad Inmobiliaria, consultenos&#8230;.\u00a0 Honestidad, experiencia y eficiencia puesta a su servicio.<\/p>\n<p>Nuestra pol\u00edtica de Servicios Integrales relacionados a la propiedad inmueble es avalada por una trayectoria profesional de muchos a\u00f1os en la Ciudad de<strong>\u00a0Rancagua<\/strong><\/p>\n<p>En \u00e9ste, nuestro sitio en<strong> INTERNET<\/strong>,\u00a0 queremos presentarnos a UD., para que nos conozca, como as\u00ed tambi\u00e9n mostrarle toda la gama de Servicios Profesionales que brindamos en la Regi\u00f3n.<\/p>\n<p><strong>Muchas gracias por visitarnos, estamos a su servicio&#8230;<\/strong><\/p>\n","protected":false},"excerpt":{"rendered":"<p>&nbsp; En lo relacionado a Propiedad Inmobiliaria, consultenos&#8230;.\u00a0 Honestidad, experiencia y eficiencia puesta a su&#8230;<\/p>\n","protected":false},"author":1,"featured_media":0,"parent":0,"menu_order":0,"comment_status":"closed","ping_status":"closed","template":"","meta":{"footnotes":""},"class_list":["post-15","page","type-page","status-publish","hentry"],"_links":{"self":[{"href":"https:\/\/rentacasa.cl\/rentac\/wp-json\/wp\/v2\/pages\/15","targetHints":{"allow":["GET"]}}],"collection":[{"href":"https:\/\/rentacasa.cl\/rentac\/wp-json\/wp\/v2\/pages"}],"about":[{"href":"https:\/\/rentacasa.cl\/rentac\/wp-json\/wp\/v2\/types\/page"}],"author":[{"embeddable":true,"href":"https:\/\/rentacasa.cl\/rentac\/wp-json\/wp\/v2\/users\/1"}],"replies":[{"embeddable":true,"href":"https:\/\/rentacasa.cl\/rentac\/wp-json\/wp\/v2\/comments?post=15"}],"version-history":[{"count":10,"href":"https:\/\/rentacasa.cl\/rentac\/wp-json\/wp\/v2\/pages\/15\/revisions"}],"predecessor-version":[{"id":124,"href":"https:\/\/rentacasa.cl\/rentac\/wp-json\/wp\/v2\/pages\/15\/revisions\/124"}],"wp:attachment":[{"href":"https:\/\/rentacasa.cl\/rentac\/wp-json\/wp\/v2\/media?parent=15"}],"curies":[{"name":"wp","href":"https:\/\/api.w.org\/{rel}","templated":true}]}}